{"id":3769,"date":"2022-11-30T11:07:14","date_gmt":"2022-11-30T11:07:14","guid":{"rendered":"https:\/\/bliss.themesunit.com\/?page_id=22"},"modified":"2025-07-08T10:10:53","modified_gmt":"2025-07-08T15:10:53","slug":"about-us","status":"publish","type":"page","link":"https:\/\/lilywellnessmedspa.com\/es\/about-us\/","title":{"rendered":"Sobre Nosotros"},"content":{"rendered":"<p>[et_pb_section fb_built=&#8221;1&#8243; custom_padding_last_edited=&#8221;on|phone&#8221; module_class=&#8221;bliss-heros&#8221; _builder_version=&#8221;4.19.1&#8243; _module_preset=&#8221;default&#8221; background_image=&#8221;https:\/\/lilywellnessmedspa.com\/wp-content\/uploads\/2022\/12\/hro-bg-2.png&#8221; custom_margin=&#8221;-125px||||false|false&#8221; custom_padding=&#8221;252px||128px||false|false&#8221; custom_padding_tablet=&#8221;205px||80px||false|false&#8221; custom_padding_phone=&#8221;185px||60px||false|false&#8221; custom_css_before=&#8221;    content: %22%22;||    position: absolute;||    top: 0;||    right: 0;||    left: 0;||    bottom: 0;||    background: var(&#8211;color2);||    opacity: 0.7;&#8221; da_disable_devices=&#8221;off|off|off&#8221; locked=&#8221;off&#8221; global_colors_info=&#8221;{}&#8221; da_is_popup=&#8221;off&#8221; da_exit_intent=&#8221;off&#8221; da_has_close=&#8221;on&#8221; da_alt_close=&#8221;off&#8221; da_dark_close=&#8221;off&#8221; da_not_modal=&#8221;on&#8221; da_is_singular=&#8221;off&#8221; da_with_loader=&#8221;off&#8221; da_has_shadow=&#8221;on&#8221;][et_pb_row module_class=&#8221;bliss-heading-title &#8221; _builder_version=&#8221;4.19.1&#8243; _module_preset=&#8221;default&#8221; width=&#8221;90%&#8221; custom_margin=&#8221;||20px||false|false&#8221; custom_padding=&#8221;0px||0px||true|false&#8221; locked=&#8221;off&#8221; global_colors_info=&#8221;{}&#8221;][et_pb_column type=&#8221;4_4&#8243; _builder_version=&#8221;4.19.1&#8243; _module_preset=&#8221;default&#8221; global_colors_info=&#8221;{}&#8221;][et_pb_blurb title=&#8221;@ET-DC@eyJkeW5hbWljIjp0cnVlLCJjb250ZW50IjoicG9zdF90aXRsZSIsInNldHRpbmdzIjp7ImJlZm9yZSI6IiIsImFmdGVyIjoiIn19@&#8221; _builder_version=&#8221;4.19.2&#8243; _dynamic_attributes=&#8221;title&#8221; _module_preset=&#8221;default&#8221; header_level=&#8221;h1&#8243; global_colors_info=&#8221;{}&#8221;][\/et_pb_blurb][\/et_pb_column][\/et_pb_row][\/et_pb_section][et_pb_section fb_built=&#8221;1&#8243; custom_padding_last_edited=&#8221;on|phone&#8221; module_class=&#8221;bliss-aboutus&#8221; _builder_version=&#8221;4.19.1&#8243; _module_preset=&#8221;default&#8221; background_enable_image=&#8221;off&#8221; custom_padding=&#8221;100px||50px||false|false&#8221; custom_padding_tablet=&#8221;80px||40px||false|false&#8221; custom_padding_phone=&#8221;60px||30px||false|false&#8221; background_last_edited=&#8221;on|tablet&#8221; background_enable_image_tablet=&#8221;off&#8221; background_enable_image_phone=&#8221;off&#8221; da_disable_devices=&#8221;off|off|off&#8221; locked=&#8221;off&#8221; global_colors_info=&#8221;{}&#8221; da_is_popup=&#8221;off&#8221; da_exit_intent=&#8221;off&#8221; da_has_close=&#8221;on&#8221; da_alt_close=&#8221;off&#8221; da_dark_close=&#8221;off&#8221; da_not_modal=&#8221;on&#8221; da_is_singular=&#8221;off&#8221; da_with_loader=&#8221;off&#8221; da_has_shadow=&#8221;on&#8221;][et_pb_row column_structure=&#8221;1_2,1_2&#8243; _builder_version=&#8221;4.19.1&#8243; _module_preset=&#8221;default&#8221; width=&#8221;90%&#8221; custom_padding=&#8221;0px||0px||true|false&#8221; custom_css_main_element=&#8221;display:flex;||align-items:center;&#8221; global_colors_info=&#8221;{}&#8221; custom_css_main_element_last_edited=&#8221;on|tablet&#8221; custom_css_main_element_tablet=&#8221;display:flex;||flex-direction: column-reverse;&#8221; custom_css_main_element_phone=&#8221;display:flex;||flex-direction: column-reverse;&#8221;][et_pb_column type=&#8221;1_2&#8243; _builder_version=&#8221;4.19.1&#8243; _module_preset=&#8221;default&#8221; global_colors_info=&#8221;{}&#8221; custom_css_main_element_last_edited=&#8221;on|tablet&#8221; custom_css_main_element_tablet=&#8221;margin-bottom:0!important;&#8221; custom_css_main_element_phone=&#8221;margin-bottom:0!important;&#8221;][et_pb_image src=&#8221;https:\/\/lilywellnessmedspa.com\/wp-content\/uploads\/2025\/07\/Lilys-min.jpg&#8221; alt=&#8221;about-img-1&#8243; title_text=&#8221;Lilys-min&#8221; force_fullwidth=&#8221;on&#8221; _builder_version=&#8221;4.27.4&#8243; _module_preset=&#8221;default&#8221; hover_enabled=&#8221;0&#8243; global_colors_info=&#8221;{}&#8221; sticky_enabled=&#8221;0&#8243;][\/et_pb_image][\/et_pb_column][et_pb_column type=&#8221;1_2&#8243; _builder_version=&#8221;4.19.1&#8243; _module_preset=&#8221;default&#8221; global_colors_info=&#8221;{}&#8221; custom_css_main_element_last_edited=&#8221;on|tablet&#8221; custom_css_main_element_tablet=&#8221;margin-bottom:50px!important;&#8221; custom_css_main_element_phone=&#8221;margin-bottom:50px!important;&#8221;][et_pb_blurb title=&#8221;Get to Know Me&#8221; use_icon=&#8221;on&#8221; font_icon=&#8221;&#x57;||divi||400&#8243; module_class=&#8221;bliss-heading-title &#8221; _builder_version=&#8221;4.27.4&#8243; _module_preset=&#8221;default&#8221; header_level=&#8221;h6&#8243; header_font=&#8221;Manrope||||||||&#8221; custom_margin=&#8221;||20px||false|false&#8221; custom_css_blurb_image=&#8221;margin:0;&#8221; custom_css_blurb_title=&#8221;font-weight: 500;||    font-size: 16px!important;||    line-height: 26px!important;||    color: var(&#8211;color1)!important;||padding:0;&#8221; custom_css_blurb_content=&#8221;display:flex;||    justify-content: left;||align-items:center;||margin:0 ;&#8221; locked=&#8221;off&#8221; global_colors_info=&#8221;{}&#8221;][\/et_pb_blurb][et_pb_text module_class=&#8221;bliss-heading-title &#8221; _builder_version=&#8221;4.27.4&#8243; _module_preset=&#8221;default&#8221; header_text_align=&#8221;center&#8221; custom_margin=&#8221;||30px||false|false&#8221; locked=&#8221;off&#8221; global_colors_info=&#8221;{}&#8221;]<\/p>\n<h2>Who am I?<\/h2>\n<p>[\/et_pb_text][et_pb_text _builder_version=&#8221;4.27.4&#8243; _module_preset=&#8221;default&#8221; custom_margin=&#8221;||30px||false|false&#8221; custom_css_main_element=&#8221;font-weight: 400;||font-size: 16px;||line-height: 26px;||color: #646464;&#8221; locked=&#8221;off&#8221; global_colors_info=&#8221;{}&#8221;]<\/p>\n<p>Soy Liliana Palmero Serrano, enfermera titulada (RN) con experiencia cl\u00ednica y pasi\u00f3n por el bienestar familiar hol\u00edstico. He creado un espacio \u00fanico donde la salud, la belleza y la relajaci\u00f3n se fusionan.<br \/>Para m\u00ed, la medicina es un puente entre la ciencia y el coraz\u00f3n. Cada suero aplicado representa una alianza: la tuya para cuidarte, y la m\u00eda para acompa\u00f1arte con criterio, dedicaci\u00f3n y ternura. Ver a cada persona recuperar la vitalidad, la confianza y la salud me confirma cada d\u00eda que este es mi prop\u00f3sito.<br \/>\u00bfQu\u00e9 ofrece mi negocio?<br \/>Lily\u2019s Wellness &amp; Medspa es una cl\u00ednica m\u00f3vil de infusi\u00f3n intravenosa y bienestar especializada en brindar tratamientos personalizados directamente a su hogar, oficina u hotel. Ofrecemos sueros vitam\u00ednicos para:<br \/>\u2022 Hidrataci\u00f3n profunda<br \/>\u2022 Energ\u00eda y rendimiento f\u00edsico<br \/>\u2022 Belleza y antienvejecimiento<br \/>\u2022 P\u00e9rdida de peso<br \/>\u2022 Manejo del estr\u00e9s y la ansiedad<br \/>\u2022 Refuerzo del sistema inmunol\u00f3gico<br \/>Todos nuestros servicios incluyen un seguimiento profesional personalizado, garantizando que cada paciente reciba una atenci\u00f3n continua, segura y adaptada a sus necesidades.<br \/>Nuestra misi\u00f3n es ayudarle a sentirse mejor de adentro hacia afuera, en un ambiente c\u00f3modo, seguro y con atenci\u00f3n de calidad profesional.<\/p>\n<p>[\/et_pb_text][\/et_pb_column][\/et_pb_row][\/et_pb_section][et_pb_section fb_built=&#8221;1&#8243; custom_padding_last_edited=&#8221;on|phone&#8221; module_class=&#8221;bliss-counter&#8221; _builder_version=&#8221;4.19.1&#8243; _module_preset=&#8221;default&#8221; custom_padding=&#8221;50px||100px||false|false&#8221; custom_padding_tablet=&#8221;40px||80px||false|false&#8221; custom_padding_phone=&#8221;30px||60px||false|false&#8221; da_disable_devices=&#8221;off|off|off&#8221; locked=&#8221;off&#8221; global_colors_info=&#8221;{}&#8221; da_is_popup=&#8221;off&#8221; da_exit_intent=&#8221;off&#8221; da_has_close=&#8221;on&#8221; da_alt_close=&#8221;off&#8221; da_dark_close=&#8221;off&#8221; da_not_modal=&#8221;on&#8221; da_is_singular=&#8221;off&#8221; da_with_loader=&#8221;off&#8221; da_has_shadow=&#8221;on&#8221;][et_pb_row column_structure=&#8221;1_4,1_4,1_4,1_4&#8243; _builder_version=&#8221;4.19.1&#8243; _module_preset=&#8221;default&#8221; width=&#8221;90%&#8221; custom_padding=&#8221;0px||0px||true|false&#8221; global_colors_info=&#8221;{}&#8221;][et_pb_column type=&#8221;1_4&#8243; _builder_version=&#8221;4.19.1&#8243; _module_preset=&#8221;default&#8221; global_colors_info=&#8221;{}&#8221;][et_pb_number_counter title=&#8221;Years Experience&#8221; number=&#8221;5+&#8221; percent_sign=&#8221;off&#8221; _builder_version=&#8221;4.27.4&#8243; _module_preset=&#8221;default&#8221; title_level=&#8221;h6&#8243; title_font=&#8221;Manrope||||||||&#8221; number_font=&#8221;Libre Baskerville||||||||&#8221; custom_css_percent=&#8221;margin-bottom: 15px!important;||height: 45px;&#8221; global_colors_info=&#8221;{}&#8221;][\/et_pb_number_counter][\/et_pb_column][et_pb_column type=&#8221;1_4&#8243; _builder_version=&#8221;4.19.1&#8243; _module_preset=&#8221;default&#8221; global_colors_info=&#8221;{}&#8221;][et_pb_number_counter title=&#8221;Quality Service&#8221; number=&#8221;100&#8243; percent_sign=&#8221;off&#8221; _builder_version=&#8221;4.27.4&#8243; _module_preset=&#8221;default&#8221; title_level=&#8221;h6&#8243; title_font=&#8221;Manrope||||||||&#8221; number_font=&#8221;Libre Baskerville||||||||&#8221; custom_css_percent=&#8221;margin-bottom: 15px!important;||height: 45px;&#8221; locked=&#8221;off&#8221; global_colors_info=&#8221;{}&#8221;][\/et_pb_number_counter][\/et_pb_column][et_pb_column type=&#8221;1_4&#8243; _builder_version=&#8221;4.19.1&#8243; _module_preset=&#8221;default&#8221; global_colors_info=&#8221;{}&#8221;][et_pb_number_counter title=&#8221;Home Comfort&#8221; number=&#8221;100&#8243; percent_sign=&#8221;off&#8221; _builder_version=&#8221;4.27.4&#8243; _module_preset=&#8221;default&#8221; title_level=&#8221;h6&#8243; title_font=&#8221;Manrope||||||||&#8221; number_font=&#8221;Libre Baskerville||||||||&#8221; custom_css_percent=&#8221;margin-bottom: 15px!important;||height: 45px;&#8221; locked=&#8221;off&#8221; global_colors_info=&#8221;{}&#8221;][\/et_pb_number_counter][\/et_pb_column][et_pb_column type=&#8221;1_4&#8243; _builder_version=&#8221;4.19.1&#8243; _module_preset=&#8221;default&#8221; global_colors_info=&#8221;{}&#8221;][et_pb_number_counter title=&#8221;Happy Clients&#8221; number=&#8221;50+&#8221; percent_sign=&#8221;off&#8221; _builder_version=&#8221;4.27.4&#8243; _module_preset=&#8221;default&#8221; title_level=&#8221;h6&#8243; title_font=&#8221;Manrope||||||||&#8221; number_font=&#8221;Libre Baskerville||||||||&#8221; custom_css_percent=&#8221;margin-bottom: 15px!important;||height: 45px;&#8221; locked=&#8221;off&#8221; global_colors_info=&#8221;{}&#8221;][\/et_pb_number_counter][\/et_pb_column][\/et_pb_row][\/et_pb_section][et_pb_section fb_built=&#8221;1&#8243; custom_padding_last_edited=&#8221;on|tablet&#8221; module_class=&#8221;bliss-appointment&#8221; _builder_version=&#8221;4.27.4&#8243; _module_preset=&#8221;default&#8221; background_image=&#8221;https:\/\/lilywellnessmedspa.com\/wp-content\/uploads\/2025\/07\/LEMONS.jpg&#8221; custom_padding=&#8221;100px||100px||true|false&#8221; custom_padding_tablet=&#8221;80px||80px||true|false&#8221; custom_padding_phone=&#8221;60px||60px||true|false&#8221; background_last_edited=&#8221;on|phone&#8221; background_image_tablet=&#8221;https:\/\/lilywellnessmedspa.com\/wp-content\/uploads\/2022\/12\/Appointment-bg.png&#8221; background_image_phone=&#8221;https:\/\/lilywellnessmedspa.com\/wp-content\/uploads\/2022\/12\/Appointment-bg.png&#8221; background_enable_image_tablet=&#8221;on&#8221; background_enable_image_phone=&#8221;on&#8221; custom_css_before=&#8221;content: %22%22;||    position: absolute;||    top: 0;||    bottom: 0;||    right: 0;||    left: 0;||    background: var(&#8211;color2);||    opacity: 0.7;&#8221; custom_css_main_element=&#8221;background-size: 100% 100%;&#8221; da_disable_devices=&#8221;off|off|off&#8221; locked=&#8221;off&#8221; global_colors_info=&#8221;{}&#8221; da_is_popup=&#8221;off&#8221; da_exit_intent=&#8221;off&#8221; da_has_close=&#8221;on&#8221; da_alt_close=&#8221;off&#8221; da_dark_close=&#8221;off&#8221; da_not_modal=&#8221;on&#8221; da_is_singular=&#8221;off&#8221; da_with_loader=&#8221;off&#8221; da_has_shadow=&#8221;on&#8221;][et_pb_row module_class=&#8221;bliss-heading-title &#8221; _builder_version=&#8221;4.19.1&#8243; _module_preset=&#8221;default&#8221; width=&#8221;90%&#8221; custom_padding=&#8221;0px||50px||false|false&#8221; locked=&#8221;off&#8221; global_colors_info=&#8221;{}&#8221; custom_css_main_element_last_edited=&#8221;on|phone&#8221;][et_pb_column type=&#8221;4_4&#8243; _builder_version=&#8221;4.19.1&#8243; _module_preset=&#8221;default&#8221; global_colors_info=&#8221;{}&#8221;][et_pb_blurb title=&#8221;Appointment&#8221; use_icon=&#8221;on&#8221; font_icon=&#8221;&#x57;||divi||400&#8243; _builder_version=&#8221;4.19.1&#8243; _module_preset=&#8221;default&#8221; header_level=&#8221;h6&#8243; header_font=&#8221;Manrope||||||||&#8221; custom_margin=&#8221;||20px||false|false&#8221; custom_css_blurb_image=&#8221;margin:0;&#8221; custom_css_blurb_title=&#8221;font-weight: 500;||    font-size: 16px!important;||    line-height: 26px!important;||    color: var(&#8211;color1)!important;||padding:0;&#8221; custom_css_blurb_content=&#8221;display:flex;||    justify-content: center;||align-items:center;||margin:0 auto;&#8221; global_colors_info=&#8221;{}&#8221;][\/et_pb_blurb][et_pb_text _builder_version=&#8221;4.19.1&#8243; _module_preset=&#8221;default&#8221; header_text_align=&#8221;center&#8221; header_2_text_color=&#8221;#FFFFFF&#8221; text_orientation=&#8221;center&#8221; custom_margin=&#8221;||0px||false|false&#8221; locked=&#8221;off&#8221; global_colors_info=&#8221;{}&#8221;]<\/p>\n<h2>Reservar una cita<\/h2>\n<p>[\/et_pb_text][\/et_pb_column][\/et_pb_row][et_pb_row column_structure=&#8221;1_2,1_2&#8243; _builder_version=&#8221;4.19.1&#8243; _module_preset=&#8221;default&#8221; width=&#8221;90%&#8221; custom_padding=&#8221;0px||0px||true|false&#8221; custom_css_main_element=&#8221;display:flex;&#8221; global_colors_info=&#8221;{}&#8221; custom_css_main_element_last_edited=&#8221;on|tablet&#8221; custom_css_main_element_tablet=&#8221;display:block;||&#8221; custom_css_main_element_phone=&#8221;display:block;||&#8221;][et_pb_column type=&#8221;1_2&#8243; module_class=&#8221;bliss-appointment-time&#8221; _builder_version=&#8221;4.19.1&#8243; _module_preset=&#8221;default&#8221; custom_padding=&#8221;40px|40px|40px|40px|true|true&#8221; custom_padding_tablet=&#8221;40px|40px|40px|40px|true|true&#8221; custom_padding_phone=&#8221;|20px||20px|true|true&#8221; custom_padding_last_edited=&#8221;on|phone&#8221; custom_css_main_element=&#8221;width:49%!important;||margin-right:30px!important;||background: #FFFFFF;||border-radius: 10px;&#8221; global_colors_info=&#8221;{}&#8221; custom_css_main_element_last_edited=&#8221;on|tablet&#8221; custom_css_main_element_tablet=&#8221;width:100%!important;||margin-bottom:30px!important;||background: #FFFFFF;||border-radius: 10px;&#8221; custom_css_main_element_phone=&#8221;width:100%!important;||margin-bottom:30px!important;||background: #FFFFFF;||border-radius: 10px;&#8221;][et_pb_text _builder_version=&#8221;4.19.1&#8243; _module_preset=&#8221;default&#8221; custom_margin=&#8221;||20px||false|false&#8221; global_colors_info=&#8221;{}&#8221;]<\/p>\n<h4>Horario<\/h4>\n<p>[\/et_pb_text][et_pb_blurb title=&#8221;Monday to Friday :&#8221; _builder_version=&#8221;4.27.4&#8243; _module_preset=&#8221;default&#8221; header_font=&#8221;Manrope||||||||&#8221; custom_margin=&#8221;||10px||false|false&#8221; custom_css_blurb_title=&#8221;font-weight: 600;||font-size: 16px;||line-height: 26px;||color: var(&#8211;color1);&#8221; custom_css_blurb_content=&#8221;font-weight: 600;||font-size: 16px;||line-height: 26px;||color: #646464;||margin:0;&#8221; global_colors_info=&#8221;{}&#8221;]<\/p>\n<p>5:00 pm &#8211; 8:00 pm<\/p>\n<p>[\/et_pb_blurb][et_pb_blurb title=&#8221;Satarday :&#8221; _builder_version=&#8221;4.27.4&#8243; _module_preset=&#8221;default&#8221; header_font=&#8221;Manrope||||||||&#8221; custom_margin=&#8221;||10px||false|false&#8221; custom_css_blurb_title=&#8221;font-weight: 600;||font-size: 16px;||line-height: 26px;||color: var(&#8211;color1);&#8221; custom_css_blurb_content=&#8221;font-weight: 600;||font-size: 16px;||line-height: 26px;||color: #646464;||margin:0;&#8221; global_colors_info=&#8221;{}&#8221;]<\/p>\n<p>9:00 am &#8211; 5:00 pm<\/p>\n<p>[\/et_pb_blurb][et_pb_blurb title=&#8221;Sunday :&#8221; _builder_version=&#8221;4.27.4&#8243; _module_preset=&#8221;default&#8221; custom_margin=&#8221;||0px||false|false&#8221; custom_css_blurb_title=&#8221;font-weight: 600;||font-size: 16px;||line-height: 26px;||color: var(&#8211;color1);&#8221; custom_css_blurb_content=&#8221;font-weight: 600;||font-size: 16px;||line-height: 26px;||color: #646464;||margin:0;&#8221; global_colors_info=&#8221;{}&#8221;]<\/p>\n<p>9:00 am &#8211; 5:00 pm<\/p>\n<p>[\/et_pb_blurb][\/et_pb_column][et_pb_column type=&#8221;1_2&#8243; module_class=&#8221;bliss-appointment-form&#8221; _builder_version=&#8221;4.19.1&#8243; _module_preset=&#8221;default&#8221; background_image=&#8221;https:\/\/lilywellnessmedspa.com\/wp-content\/uploads\/2022\/12\/Appointment-form-bg.png&#8221; custom_padding=&#8221;40px|40px|40px|40px|true|true&#8221; custom_padding_tablet=&#8221;40px|40px|40px|40px|true|true&#8221; custom_padding_phone=&#8221;|20px||20px|true|true&#8221; custom_padding_last_edited=&#8221;on|phone&#8221; background_last_edited=&#8221;on|phone&#8221; custom_css_before=&#8221;content: %22%22;||    position: absolute;||    top: 0;||    bottom: 0;||    right: 0;||    left: 0;||    background: #fff;||    opacity: 0.2;&#8221; custom_css_main_element=&#8221;background-image: url(\/wp-content\/uploads\/2022\/12\/Appointment-form-bg.png)!important;||width:49%!important;||margin-right:30px;||background: #fff;||border-radius: 10px;&#8221; global_colors_info=&#8221;{}&#8221; custom_css_main_element_last_edited=&#8221;on|desktop&#8221; custom_css_main_element_tablet=&#8221;background-image: url(\/wp-content\/uploads\/2022\/12\/Appointment-form-bg.png)!important;||width:100%!important;||margin-bottom:0px!important;||background: #FFFFFF;||border-radius: 10px;&#8221; custom_css_main_element_phone=&#8221;background-image: url(\/wp-content\/uploads\/2022\/12\/Appointment-form-bg.png)!important;||width:100%!important;||margin-bottom:0px!important;||background: #FFFFFF;||border-radius: 10px;&#8221;][divi_booking _builder_version=&#8221;4.27.4&#8243; _module_preset=&#8221;default&#8221; locked=&#8221;off&#8221; global_colors_info=&#8221;{}&#8221;][\/divi_booking][\/et_pb_column][\/et_pb_row][\/et_pb_section][et_pb_section fb_built=&#8221;1&#8243; custom_padding_last_edited=&#8221;on|phone&#8221; _builder_version=&#8221;4.19.1&#8243; _module_preset=&#8221;default&#8221; custom_padding=&#8221;100px||100px||true|false&#8221; custom_padding_tablet=&#8221;80px||80px||true|false&#8221; custom_padding_phone=&#8221;60px||60px||true|false&#8221; da_disable_devices=&#8221;off|off|off&#8221; locked=&#8221;off&#8221; global_colors_info=&#8221;{}&#8221; da_is_popup=&#8221;off&#8221; da_exit_intent=&#8221;off&#8221; da_has_close=&#8221;on&#8221; da_alt_close=&#8221;off&#8221; da_dark_close=&#8221;off&#8221; da_not_modal=&#8221;on&#8221; da_is_singular=&#8221;off&#8221; da_with_loader=&#8221;off&#8221; da_has_shadow=&#8221;on&#8221;][et_pb_row column_structure=&#8221;1_3,1_3,1_3&#8243; _builder_version=&#8221;4.19.1&#8243; _module_preset=&#8221;default&#8221; width=&#8221;90%&#8221; custom_padding=&#8221;0px||0px||true|false&#8221; global_colors_info=&#8221;{}&#8221;][et_pb_column type=&#8221;1_3&#8243; _builder_version=&#8221;4.19.1&#8243; _module_preset=&#8221;default&#8221; global_colors_info=&#8221;{}&#8221;][et_pb_image src=&#8221;https:\/\/lilywellnessmedspa.com\/wp-content\/uploads\/2025\/07\/Olimpya.png&#8221; alt=&#8221;client4 1&#8243; title_text=&#8221;Olimpya&#8221; align=&#8221;center&#8221; _builder_version=&#8221;4.27.4&#8243; _module_preset=&#8221;default&#8221; width=&#8221;82%&#8221; global_colors_info=&#8221;{}&#8221;][\/et_pb_image][\/et_pb_column][et_pb_column type=&#8221;1_3&#8243; _builder_version=&#8221;4.19.1&#8243; _module_preset=&#8221;default&#8221; global_colors_info=&#8221;{}&#8221;][et_pb_image src=&#8221;https:\/\/lilywellnessmedspa.com\/wp-content\/uploads\/2025\/07\/MFI_Distribution.png&#8221; alt=&#8221;client3 1&#8243; title_text=&#8221;MFI_Distribution&#8221; align=&#8221;center&#8221; _builder_version=&#8221;4.27.4&#8243; _module_preset=&#8221;default&#8221; width=&#8221;67%&#8221; locked=&#8221;off&#8221; global_colors_info=&#8221;{}&#8221;][\/et_pb_image][\/et_pb_column][et_pb_column type=&#8221;1_3&#8243; _builder_version=&#8221;4.19.1&#8243; _module_preset=&#8221;default&#8221; global_colors_info=&#8221;{}&#8221;][et_pb_image src=&#8221;https:\/\/lilywellnessmedspa.com\/wp-content\/uploads\/2025\/07\/Optimal-removebg-preview.png&#8221; alt=&#8221;client2 1&#8243; title_text=&#8221;Optimal-removebg-preview&#8221; align=&#8221;center&#8221; _builder_version=&#8221;4.27.4&#8243; _module_preset=&#8221;default&#8221; locked=&#8221;off&#8221; global_colors_info=&#8221;{}&#8221;][\/et_pb_image][\/et_pb_column][\/et_pb_row][\/et_pb_section]<\/p>","protected":false},"excerpt":{"rendered":"<p>Who am I?I am Liliana Palmero Serrano, a Registered Nurse (RN) with clinical experience and a passion for holistic family wellness. I have created a unique space where health, beauty, and relaxation come together.Medicine, for me, is a bridge between science and the heart. Each serum applied represents a partnership: yours to care for you, [&hellip;]<\/p>","protected":false},"author":2,"featured_media":0,"parent":0,"menu_order":0,"comment_status":"closed","ping_status":"closed","template":"","meta":{"_et_pb_use_builder":"on","_et_pb_old_content":"<!-- wp:divi\/placeholder \/-->","_et_gb_content_width":"","footnotes":""},"class_list":["post-3769","page","type-page","status-publish","hentry"],"_links":{"self":[{"href":"https:\/\/lilywellnessmedspa.com\/es\/wp-json\/wp\/v2\/pages\/3769","targetHints":{"allow":["GET"]}}],"collection":[{"href":"https:\/\/lilywellnessmedspa.com\/es\/wp-json\/wp\/v2\/pages"}],"about":[{"href":"https:\/\/lilywellnessmedspa.com\/es\/wp-json\/wp\/v2\/types\/page"}],"author":[{"embeddable":true,"href":"https:\/\/lilywellnessmedspa.com\/es\/wp-json\/wp\/v2\/users\/2"}],"replies":[{"embeddable":true,"href":"https:\/\/lilywellnessmedspa.com\/es\/wp-json\/wp\/v2\/comments?post=3769"}],"version-history":[{"count":11,"href":"https:\/\/lilywellnessmedspa.com\/es\/wp-json\/wp\/v2\/pages\/3769\/revisions"}],"predecessor-version":[{"id":4107,"href":"https:\/\/lilywellnessmedspa.com\/es\/wp-json\/wp\/v2\/pages\/3769\/revisions\/4107"}],"wp:attachment":[{"href":"https:\/\/lilywellnessmedspa.com\/es\/wp-json\/wp\/v2\/media?parent=3769"}],"curies":[{"name":"wp","href":"https:\/\/api.w.org\/{rel}","templated":true}]}}